{"id":7982,"date":"2026-02-24T17:25:38","date_gmt":"2026-02-24T16:25:38","guid":{"rendered":"https:\/\/po-polsku.eu\/?post_type=product&#038;p=7982"},"modified":"2026-02-24T17:30:15","modified_gmt":"2026-02-24T16:30:15","slug":"e-book-niemiecki-dla-kierowcow-autobusow-kopie-kopie","status":"publish","type":"product","link":"https:\/\/po-polsku.eu\/pl\/angebot\/e-book-niemiecki-dla-kierowcow-autobusow-kopie-kopie\/","title":{"rendered":"E-book \u201eNiemiecki dla kierowc\u00f3w autobus\u00f3w\u201d (Kopie) (Kopie)"},"content":{"rendered":"<p style=\"font-weight: 400;\">Zatrudniasz polskich kierowc\u00f3w autobus\u00f3w i chcesz zwi\u0119kszy\u0107 ich efektywno\u015b\u0107, umiej\u0119tno\u015b\u0107 komunikacji oraz satysfakcj\u0119 w codziennej pracy? W takim razie nasz nowy e-book <strong>\u201eNiemiecki dla polskich kierowc\u00f3w\u201d <\/strong>jest w\u0142a\u015bnie dla Ciebie.<\/p>\n<ul>\n<li><strong>\ud83d\udcc4 90 stron praktycznych materia\u0142\u00f3w<\/strong> \u2013 opracowanych w ci\u0105gu dw\u00f3ch lat nauczania j\u0119zyka niemieckiego kierowc\u00f3w autobus\u00f3w w Niemczech.<\/li>\n<li><strong>\ud83e\udded Ukierunkowana gramatyka <\/strong>\u2013 tylko te struktury, kt\u00f3re s\u0105 naprawd\u0119 potrzebne w pracy, wyja\u015bnione po polsku w prosty i zrozumia\u0142y spos\u00f3b.<\/li>\n<li><strong>\ud83d\udde3\ufe0f \u0106wiczenia z fachowym s\u0142ownictwem <\/strong>\u2013 od komunikacji z central\u0105 i pasa\u017cerami po zg\u0142aszanie usterek \u2013 wszystko z polskim t\u0142umaczeniem dla szybkiego zrozumienia.<\/li>\n<li><strong>\ud83d\udcbb Wprowadzenie do obs\u0142ugi komputera pok\u0142adowego IBIS <\/strong>\u2013 jasno i przejrzy\u015bcie wyja\u015bnione.<\/li>\n<li><strong>\ud83c\udfa7 Ponad 2 godziny nagra\u0144 audio <\/strong>\u2013 idealnych do powtarzania i treningu wymowy.<\/li>\n<li><strong>\ud83d\udcf1 Cyfrowe i drukowane fiszki (flashcards) niemiecko-polskie<\/strong> \u2013 dla trwa\u0142ych efekt\u00f3w nauki.<\/li>\n<li><strong>\ud83d\udd53 Elastyczna nauka <\/strong>\u2013 niezale\u017cnie od czasu i miejsca.<\/li>\n<\/ul>\n<p>E-book jest przeznaczony zar\u00f3wno dla pocz\u0105tkuj\u0105cych bez wcze\u015bniejszej znajomo\u015bci j\u0119zyka, jak i dla kierowc\u00f3w na poziomie podstawowym lub \u015brednim. Ka\u017cdy pracownik skorzysta \u2013 czy to zdobywaj\u0105c solidne podstawy j\u0119zykowe, czy poznaj\u0105c specjalistyczne s\u0142ownictwo potrzebne w codziennej pracy kierowcy.<\/p>\n<p><strong>\ud83d\udcc5 Premiera sprzeda\u017cy: 1 grudnia 2025 r.<\/strong><br \/>\nJu\u017c teraz mo\u017cesz zapisa\u0107 swoj\u0105 firm\u0119 na list\u0119 zainteresowanych i otrzyma\u0107 na czas informacje o publikacji.<\/p>\n","protected":false},"excerpt":{"rendered":"<p class=\"p1\">\ud83d\udcc5 Premiera sprzeda\u017cy: 1 grudnia 2025 r.<\/p>\n<h3 class=\"p1\">\ud83d\udcd8 Niemiecki dla polskich kierowc\u00f3w autobus\u00f3w<\/h3>\n<p style=\"font-weight: 400;\">Zatrudniasz polskich kierowc\u00f3w autobus\u00f3w i chcesz zwi\u0119kszy\u0107 ich efektywno\u015b\u0107, umiej\u0119tno\u015b\u0107 komunikacji oraz satysfakcj\u0119 w codziennej pracy? W takim razie nasz nowy e-book \u201eNiemiecki dla polskich kierowc\u00f3w autobus\u00f3w\u201d jest w\u0142a\u015bnie dla Ciebie.<\/p>\n<p style=\"font-weight: 400;\"><strong>90 stron <\/strong>praktycznych, sprawdzonych materia\u0142\u00f3w z \u0107wiczeniami, s\u0142ownictwem bran\u017cowym i nagraniami audio \u2013 opracowanych na podstawie rzeczywistych zaj\u0119\u0107 j\u0119zykowych z kierowcami autobus\u00f3w w Niemczech.<\/p>\n","protected":false},"featured_media":3648,"template":"","meta":[],"product_brand":[],"product_cat":[125,127],"product_tag":[],"class_list":{"0":"post-7982","1":"product","2":"type-product","3":"status-publish","4":"has-post-thumbnail","6":"product_cat-kursy-polskiego","7":"product_cat-kursy-online","9":"first","10":"instock","11":"virtual","12":"purchasable","13":"product-type-simple"},"_links":{"self":[{"href":"https:\/\/po-polsku.eu\/pl\/wp-json\/wp\/v2\/product\/7982","targetHints":{"allow":["GET"]}}],"collection":[{"href":"https:\/\/po-polsku.eu\/pl\/wp-json\/wp\/v2\/product"}],"about":[{"href":"https:\/\/po-polsku.eu\/pl\/wp-json\/wp\/v2\/types\/product"}],"wp:featuredmedia":[{"embeddable":true,"href":"https:\/\/po-polsku.eu\/pl\/wp-json\/wp\/v2\/media\/3648"}],"wp:attachment":[{"href":"https:\/\/po-polsku.eu\/pl\/wp-json\/wp\/v2\/media?parent=7982"}],"wp:term":[{"taxonomy":"product_brand","embeddable":true,"href":"https:\/\/po-polsku.eu\/pl\/wp-json\/wp\/v2\/product_brand?post=7982"},{"taxonomy":"product_cat","embeddable":true,"href":"https:\/\/po-polsku.eu\/pl\/wp-json\/wp\/v2\/product_cat?post=7982"},{"taxonomy":"product_tag","embeddable":true,"href":"https:\/\/po-polsku.eu\/pl\/wp-json\/wp\/v2\/product_tag?post=7982"}],"curies":[{"name":"wp","href":"https:\/\/api.w.org\/{rel}","templated":true}]}}