{"id":7546,"date":"2025-12-04T22:42:39","date_gmt":"2025-12-04T21:42:39","guid":{"rendered":"https:\/\/po-polsku.eu\/?post_type=product&#038;p=7546"},"modified":"2025-12-04T23:26:44","modified_gmt":"2025-12-04T22:26:44","slug":"e-book-polski-na-wakacje-kopie-kopie","status":"publish","type":"product","link":"https:\/\/po-polsku.eu\/pl\/angebot\/e-book-polski-na-wakacje-kopie-kopie\/","title":{"rendered":"Pakiet: Polski na wakacje + Polski na Bo\u017ce Narodzenie"},"content":{"rendered":"<h2 class=\"v1MsoNormal\">\ud83c\udf1e E-Book 1: &#8222;Polski na wakacje&#8221;<\/h2>\n<p class=\"v1MsoNormal\">Tw\u00f3j idealny towarzysz podr\u00f3\u017cy do Polski! Ten e-book pomo\u017ce Ci podczas wyjazdu porozumiewa\u0107 si\u0119 po polsku pewnie i swobodnie: <\/p>\n<ul>\n<li class=\"v1MsoNormal\">Wskaz\u00f3wki i \u0107wiczenia poprawnej polskiej wymowy<\/li>\n<li class=\"v1MsoNormal\">S\u0142ownictwo, dialogi i \u0107wiczenia dotycz\u0105ce zakup\u00f3w i prezent\u00f3w<\/li>\n<li class=\"v1MsoNormal\">Przydatne zwroty na podr\u00f3\u017c poci\u0105giem, w hotelu, restauracji i codziennych sytuacjach<\/li>\n<li class=\"v1MsoNormal\">Praktyczne mini-dialogi oparte na prawdziwych sytuacjach z podr\u00f3\u017cy<\/li>\n<\/ul>\n<p class=\"v1MsoNormal\">Idealny, je\u015bli jedziesz do Polski, chcesz prze\u0142ama\u0107 barier\u0119 j\u0119zykow\u0105 lub po prostu u\u0142atwi\u0107 sobie codzienno\u015b\u0107 podczas<\/p>\n<h2 class=\"v1MsoNormal\">\ud83c\udf84 E-Book 2: Polski na Bo\u017ce Narodzenie<\/h2>\n<p class=\"v1MsoNormal\">35 stron \u015bwi\u0105tecznego s\u0142ownictwa, nagra\u0144 audio, kr\u00f3tkich tekst\u00f3w i quiz\u00f3w \u2013 idealny na czas \u015awi\u0105t i wizyty u polskich rodzin.<\/p>\n<ul>\n<li class=\"v1MsoNormal\">\u015awi\u0105teczne s\u0142ownictwo z niemieckim obja\u015bnieniem<\/li>\n<li class=\"v1MsoNormal\">Nagrane materia\u0142y do poprawnej wymowy<\/li>\n<li class=\"v1MsoNormal\">Teksty na r\u00f3\u017cne poziomy j\u0119zykowe (A1\u2013B2)<\/li>\n<li class=\"v1MsoNormal\">Mini-dialogi na \u015bwi\u0105teczn\u0105 kolacj\u0119 i rodzinne spotkania<\/li>\n<li class=\"v1MsoNormal\">Kulturowe ciekawostki o polskich tradycjach<\/li>\n<li class=\"v1MsoNormal\">\u0106wiczenia i quizy, aby wszystko od razu prze\u0107wiczy\u0107<\/li>\n<li class=\"v1MsoNormal\">Dost\u0119pny od 4 grudnia \u2013 idealny jako prezent miko\u0142ajkowy \ud83c\udf85\ud83c\udf81<\/li>\n<\/ul>\n<h2 class=\"v1MsoNormal\"><b>Dlaczego warto mie\u0107 oba e-booki?<\/b><\/h2>\n<p class=\"v1MsoNormal\">Bo idealnie si\u0119 uzupe\u0142niaj\u0105:<\/p>\n<ul>\n<li class=\"v1MsoNormal\">Polski na wakacje przygotowuje Ci\u0119 na wszystkie \u201epraktyczne\u201d codzienne sytuacje.<\/li>\n<li class=\"v1MsoNormal\">Polski na Bo\u017ce Narodzenie pomaga odnale\u017a\u0107 si\u0119 w kulturowych i rodzinnych spotkaniach w czasie \u015bwi\u0105t.<\/li>\n<li class=\"v1MsoNormal\">Razem tworz\u0105 kompletne zestawy do nauki: codzienno\u015b\u0107 + kultura, lato + Bo\u017ce Narodzenie, podr\u00f3\u017c + spotkanie z rodzin\u0105.<\/li>\n<\/ul>\n<p class=\"v1MsoNormal\">\ud83c\udf81 Zaleta pakietu: taniej w zestawie!<br \/>\nKupuj\u0105c oba e-booki w podw\u00f3jnym pakiecie, oszcz\u0119dzasz w por\u00f3wnaniu z zakupem pojedynczym \u2013<br \/>a przez ca\u0142y rok otrzymujesz warto\u015bciowe materia\u0142y, kt\u00f3re realnie rozwijaj\u0105 Tw\u00f3j polski.<\/p>\n<p class=\"v1MsoNormal\">\ud83d\udc49 Zam\u00f3w pakiet ju\u017c teraz i ciesz si\u0119 nauk\u0105 polskiego przez ca\u0142y rok!<\/p>\n","protected":false},"excerpt":{"rendered":"<p class=\"v1MsoNormal\">Dwa e-booki \u2013 jeden cel: prawdziwy, przydatny na co dzie\u0144 polski. W pakiecie taniej ni\u017c osobno! \u2728<\/p>\n<p class=\"v1MsoNormal\">Chcesz uczy\u0107 si\u0119 polskiego \u2013 praktycznie, kulturowo, \u017cywo i dok\u0142adnie pod k\u0105tem sytuacji, kt\u00f3re naprawd\u0119 maj\u0105 znaczenie? W takim razie nasz zestaw e-book\u00f3w jest w\u0142a\u015bnie dla Ciebie. <\/p>\n<p class=\"v1MsoNormal\">Dwa uzupe\u0142niaj\u0105ce si\u0119 materia\u0142y do nauki, kt\u00f3re b\u0119d\u0105 Ci towarzyszy\u0107 przez ca\u0142y rok: od letnich wakacji w Polsce po \u015bwi\u0105teczne spotkania z polsk\u0105 rodzin\u0105.<\/p>\n","protected":false},"featured_media":7549,"template":"","meta":[],"product_brand":[],"product_cat":[119],"product_tag":[],"class_list":{"0":"post-7546","1":"product","2":"type-product","3":"status-publish","4":"has-post-thumbnail","6":"product_cat-e-booki","8":"first","9":"instock","10":"downloadable","11":"virtual","12":"taxable","13":"purchasable","14":"product-type-simple"},"_links":{"self":[{"href":"https:\/\/po-polsku.eu\/pl\/wp-json\/wp\/v2\/product\/7546","targetHints":{"allow":["GET"]}}],"collection":[{"href":"https:\/\/po-polsku.eu\/pl\/wp-json\/wp\/v2\/product"}],"about":[{"href":"https:\/\/po-polsku.eu\/pl\/wp-json\/wp\/v2\/types\/product"}],"wp:featuredmedia":[{"embeddable":true,"href":"https:\/\/po-polsku.eu\/pl\/wp-json\/wp\/v2\/media\/7549"}],"wp:attachment":[{"href":"https:\/\/po-polsku.eu\/pl\/wp-json\/wp\/v2\/media?parent=7546"}],"wp:term":[{"taxonomy":"product_brand","embeddable":true,"href":"https:\/\/po-polsku.eu\/pl\/wp-json\/wp\/v2\/product_brand?post=7546"},{"taxonomy":"product_cat","embeddable":true,"href":"https:\/\/po-polsku.eu\/pl\/wp-json\/wp\/v2\/product_cat?post=7546"},{"taxonomy":"product_tag","embeddable":true,"href":"https:\/\/po-polsku.eu\/pl\/wp-json\/wp\/v2\/product_tag?post=7546"}],"curies":[{"name":"wp","href":"https:\/\/api.w.org\/{rel}","templated":true}]}}