{"id":7527,"date":"2025-12-04T22:21:39","date_gmt":"2025-12-04T21:21:39","guid":{"rendered":"https:\/\/po-polsku.eu\/?post_type=product&#038;p=7527"},"modified":"2025-12-04T23:27:36","modified_gmt":"2025-12-04T22:27:36","slug":"polski-na-boze-narodzenie","status":"publish","type":"product","link":"https:\/\/po-polsku.eu\/pl\/angebot\/polski-na-boze-narodzenie\/","title":{"rendered":"E-Book &#8222;Polski na Bo\u017ce Narodzenie&#8221;"},"content":{"rendered":"<h2 class=\"v1MsoNormal\">\ud83c\udf81 Co Ci\u0119 czeka<\/h2>\n<p class=\"v1MsoNormal\">\u201ePolski na Bo\u017ce Narodzenie\u201d to starannie przygotowany, dwuj\u0119zyczny e-book, kt\u00f3ry krok po kroku wprowadzi Ci\u0119 w polskie \u015bwi\u0105teczne zwyczaje \u2013 zar\u00f3wno j\u0119zykowo, jak i kulturowo.<\/p>\n<ul>\n<li class=\"v1MsoNormal\">S\u0142ownictwo zwi\u0105zane ze \u015bwi\u0119tami i polskimi tradycjami<\/li>\n<li class=\"v1MsoNormal\">Wyra\u017anie nagrane audio, kt\u00f3re pomo\u017ce Ci opanowa\u0107 poprawn\u0105 wymow\u0119<\/li>\n<li class=\"v1MsoNormal\">Teksty dopasowane do r\u00f3\u017cnych poziom\u00f3w zaawansowania<\/li>\n<li class=\"v1MsoNormal\">Niemieckie wyja\u015bnienia s\u0142ownictwa dla \u0142atwiejszego zrozumienia<\/li>\n<li class=\"v1MsoNormal\">Mini-dialogi na wizyt\u0119 u polskiej rodziny<\/li>\n<li class=\"v1MsoNormal\">Kulturowe ciekawostki z perspektywy osoby niepochodz\u0105cej z Polski<\/li>\n<li class=\"v1MsoNormal\">Quizy i kr\u00f3tkie zadania, dzi\u0119ki kt\u00f3rym od razu zaczniesz \u0107wiczy\u0107<\/li>\n<li class=\"v1MsoNormal\">Idealne do samodzielnej nauki lub jako uzupe\u0142nienie zaj\u0119\u0107.<\/li>\n<\/ul>\n<h2 class=\"v1MsoListParagraphCxSpFirst\">\ud83c\udf84 Nauczysz si\u0119, jak\u2026<\/h2>\n<ul>\n<li class=\"v1MsoListParagraphCxSpMiddle\">formu\u0142owa\u0107 \u015bwi\u0105teczne \u017cyczenia po polsku<\/li>\n<li class=\"v1MsoListParagraphCxSpMiddle\">nazywa\u0107 tradycyjne potrawy wigilijne<\/li>\n<li class=\"v1MsoListParagraphCxSpMiddle\">prowadzi\u0107 swobodn\u0105 rozmow\u0119 przy \u015bwi\u0105tecznym stole<\/li>\n<li class=\"v1MsoListParagraphCxSpMiddle\">grzecznie zapyta\u0107 o danie lub sk\u0142adniki<\/li>\n<li class=\"v1MsoListParagraphCxSpMiddle\">opowiada\u0107 o swoich w\u0142asnych tradycjach<\/li>\n<\/ul>\n<h2 class=\"v1MsoNormal\"><b>\ud83c\udf1f<\/b><b> Dla kogo jest ten e-book? Dla wszystkich, kt\u00f3rzy\u2026 <\/b><\/h2>\n<ul>\n<li class=\"v1MsoListParagraphCxSpFirst\">ucz\u0105 si\u0119 polskiego i chc\u0105 w okresie \u015bwi\u0105tecznym po\u0107wiczy\u0107 co\u015b wyj\u0105tkowego<\/li>\n<li class=\"v1MsoListParagraphCxSpFirst\">sp\u0119dzaj\u0105 \u015bwi\u0119ta w Polsce lub odwiedzaj\u0105 polsk\u0105 rodzin\u0119<\/li>\n<li class=\"v1MsoListParagraphCxSpFirst\">szukaj\u0105 autentycznych dialog\u00f3w i praktycznego s\u0142ownictwa<\/li>\n<li class=\"v1MsoListParagraphCxSpFirst\">lubi\u0105 ciep\u0142e, lekkie i kulturowo inspiruj\u0105ce materia\u0142y do nauki<\/li>\n<\/ul>\n<p class=\"v1MsoNormal\"><strong>\ud83c\udf85 Idealny jako prezent miko\u0142ajkowy, drobny upominek dla os\u00f3b ucz\u0105cych si\u0119 j\u0119zyka lub dla siebie \u2013 aby wzbogaci\u0107 przed\u015bwi\u0105teczny czas o j\u0119zykowe inspiracje.<\/strong><\/p>\n","protected":false},"excerpt":{"rendered":"<p class=\"v1MsoNormal\">35 stron pe\u0142nych s\u0142ownictwa, nagra\u0144 audio, tekst\u00f3w i quiz\u00f3w \u2013 odkryj polsk\u0105 kultur\u0119 \u015bwi\u0105teczn\u0105!<\/p>\n<p class=\"v1MsoNormal\">Szukasz inspiruj\u0105cego sposobu, by podszlifowa\u0107 polski w czasie Adwentu?<\/p>\n<p class=\"v1MsoNormal\">Chcesz zrozumie\u0107, jak obchodzi si\u0119 \u015bwi\u0119ta Bo\u017cego Narodzenia w Polsce \u2013 i od razu u\u017cywa\u0107 najwa\u017cniejszych s\u0142\u00f3w oraz zwrot\u00f3w? W takim razie ten e-book zosta\u0142 stworzony w\u0142a\u015bnie dla Ciebie! <\/p>\n","protected":false},"featured_media":7536,"template":"","meta":[],"product_brand":[],"product_cat":[119],"product_tag":[],"class_list":{"0":"post-7527","1":"product","2":"type-product","3":"status-publish","4":"has-post-thumbnail","6":"product_cat-e-booki","8":"first","9":"instock","10":"downloadable","11":"virtual","12":"taxable","13":"purchasable","14":"product-type-simple"},"_links":{"self":[{"href":"https:\/\/po-polsku.eu\/pl\/wp-json\/wp\/v2\/product\/7527","targetHints":{"allow":["GET"]}}],"collection":[{"href":"https:\/\/po-polsku.eu\/pl\/wp-json\/wp\/v2\/product"}],"about":[{"href":"https:\/\/po-polsku.eu\/pl\/wp-json\/wp\/v2\/types\/product"}],"wp:featuredmedia":[{"embeddable":true,"href":"https:\/\/po-polsku.eu\/pl\/wp-json\/wp\/v2\/media\/7536"}],"wp:attachment":[{"href":"https:\/\/po-polsku.eu\/pl\/wp-json\/wp\/v2\/media?parent=7527"}],"wp:term":[{"taxonomy":"product_brand","embeddable":true,"href":"https:\/\/po-polsku.eu\/pl\/wp-json\/wp\/v2\/product_brand?post=7527"},{"taxonomy":"product_cat","embeddable":true,"href":"https:\/\/po-polsku.eu\/pl\/wp-json\/wp\/v2\/product_cat?post=7527"},{"taxonomy":"product_tag","embeddable":true,"href":"https:\/\/po-polsku.eu\/pl\/wp-json\/wp\/v2\/product_tag?post=7527"}],"curies":[{"name":"wp","href":"https:\/\/api.w.org\/{rel}","templated":true}]}}