{"id":1698,"date":"2025-02-03T14:44:21","date_gmt":"2025-02-03T13:44:21","guid":{"rendered":"https:\/\/polsku.falcondev.de\/angebot\/kurs-polish-intermediate-b1\/"},"modified":"2025-11-10T17:03:29","modified_gmt":"2025-11-10T16:03:29","slug":"kurs-polish-intermediate-b1","status":"publish","type":"product","link":"https:\/\/po-polsku.eu\/pl\/angebot\/kurs-polish-intermediate-b1\/","title":{"rendered":"Kurs: Polish Intermediate B1"},"content":{"rendered":"<h2 style=\"font-weight: 400;\"><strong>Czego si\u0119 nauczysz?<\/strong><\/h2>\n<ul>\n<li style=\"font-weight: 400;\"><strong>Powt\u00f3rzenie i rozszerzenie 6 przypadk\u00f3w:<\/strong> Mianownik, biernik, narz\u0119dnik, dope\u0142niacz, miejscownik i celownik. \u0106wiczenia z zastosowaniem przypadk\u00f3w w r\u00f3\u017cnych kontekstach, np. wskazywanie miejsc (na stole \u2013 auf dem Tisch) lub posiadanie (Nie mam ksi\u0105\u017cki \u2013 Ich habe kein Buch). R\u00f3\u017cne funkcje i przyimki w po\u0142\u0105czeniu z przypadkami. Przyk\u0142adowe zdania: Daj\u0119 ksi\u0105\u017ck\u0119 mojej siostrze. (Ich gebe meiner Schwester ein Buch.) Rozmawiam o pracy w biurze. (Ich spreche \u00fcber die Arbeit im B\u00fcro.)   <\/li>\n<li style=\"font-weight: 400;\"><strong>Przyimki statyczne i dynamiczne:<\/strong> Zrozumienie przyimk\u00f3w wyra\u017caj\u0105cych ruch lub statyczne stany: na, w, do, z, przy. \u0106wiczenia do rozr\u00f3\u017cnienia: Id\u0119 do sklepu. (Ich gehe in den Laden.) vs. Jestem w sklepie. (Ich bin im Laden.)\n<\/li>\n<li style=\"font-weight: 400;\"><strong>Zdania celu: <\/strong>Wprowadzenie do zda\u0144 z \u201eum \u2026 zu\u201d lub \u201edamit\u201d (\u017ceby, aby, po to, \u017ceby). Przyk\u0142ady: Ucz\u0119 si\u0119 polskiego, \u017ceby mieszka\u0107 w Polsce. (Ich lerne Polnisch, um in Polen zu leben.) Poprosi\u0142em go, \u017ceby mi zrobi\u0142 kaw\u0119. (Ich habe ihn gebeten, mir einen Kaffee zu machen.) <\/li>\n<li style=\"font-weight: 400;\"><strong>Rozmowy o filmach:<\/strong> Rozmowy o ulubionych filmach, tematach i osobistych wra\u017ceniach.<\/li>\n<li style=\"font-weight: 400;\"><strong>Opisywanie w\u0142asnego \u017cycia i upodoba\u0144: <\/strong>S\u0142ownictwo i struktury do opisywania swojego \u017cycia, zainteresowa\u0144 i do\u015bwiadcze\u0144 \u017cyciowych.<\/li>\n<li style=\"font-weight: 400;\"><strong>Rodzaj m\u0119skoosobowy: <\/strong>M\u0142odzi studenci s\u0105 bardzo ambitni. (Die jungen Studenten sind sehr ehrgeizig.)<\/li>\n<\/ul>\n<h2 style=\"font-weight: 400;\"><strong><br \/>\nPo zako\u0144czeniu kursu uczestnicy b\u0119d\u0105 mogli:<\/strong><\/h2>\n<ul>\n<li style=\"font-weight: 400;\">Prawid\u0142owo u\u017cywa\u0107 wszystkich przypadk\u00f3w w codziennych sytuacjach,<\/li>\n<li style=\"font-weight: 400;\">Rozr\u00f3\u017cnia\u0107 przyimki statyczne i dynamiczne,<\/li>\n<li style=\"font-weight: 400;\">U\u017cywa\u0107 zda\u0144 celu w komunikacji,<\/li>\n<li style=\"font-weight: 400;\">Rozmawia\u0107 o filmach, swoich ulubionych rzeczach i \u017cyciu,<\/li>\n<li style=\"font-weight: 400;\">Zastosowa\u0107 formy rodzaju m\u0119skoosobowego w liczbie mnogiej.<\/li>\n<\/ul>\n<h2 style=\"font-weight: 400;\"><strong><br \/>\nKiedy odbywa si\u0119 kurs?<\/strong><\/h2>\n<p style=\"font-weight: 400;\"><em><u>\u015brody 19.15 \u2013 20.45<\/u><\/em><\/p>\n<p style=\"font-weight: 400;\">20 termin\u00f3w:<\/p>\n<ul>\n<li style=\"font-weight: 400;\">wrzesie\u0144: 3, 10, 17, 24<\/li>\n<li style=\"font-weight: 400;\">pa\u017adziernik: 1, 22, 29<\/li>\n<li style=\"font-weight: 400;\">listopad: 5, 12, 26<\/li>\n<li style=\"font-weight: 400;\">grudzie\u0144: 3, 10, 17<\/li>\n<li style=\"font-weight: 400;\">stycze\u0144: 7, 14, 21, 28<\/li>\n<li style=\"font-weight: 400;\">luty: 4<\/li>\n<\/ul>\n<h2 style=\"font-weight: 400;\"><strong><br \/>\nGdzie odbywa si\u0119 kurs?<\/strong><\/h2>\n<p style=\"font-weight: 400;\">Kurs odbywa si\u0119 w szkole Po polsku w Dre\u017anie-Neustadt (przy Albertplatz)<\/p>\n<h2 style=\"font-weight: 400;\"><strong><br \/>\nNajcz\u0119\u015bciej zadawane pytania:<\/strong><\/h2>\n\t\t<div data-elementor-type=\"section\" data-elementor-id=\"6427\" class=\"elementor elementor-6427 elementor-6422\" data-elementor-post-type=\"elementor_library\">\n\t\t\t<div class=\"elementor-element elementor-element-573dd65 e-flex e-con-boxed e-con e-parent\" data-id=\"573dd65\" data-element_type=\"container\" data-e-type=\"container\">\n\t\t\t\t\t<div class=\"e-con-inner\">\n\t\t<div class=\"elementor-element elementor-element-8d6f0e4 e-con-full e-flex e-con e-child\" data-id=\"8d6f0e4\" data-element_type=\"container\" data-e-type=\"container\">\n\t\t\t\t<div class=\"elementor-element elementor-element-1b0e518 elementor-widget elementor-widget-n-accordion\" data-id=\"1b0e518\" data-element_type=\"widget\" data-e-type=\"widget\" data-settings=\"{&quot;default_state&quot;:&quot;expanded&quot;,&quot;max_items_expended&quot;:&quot;one&quot;,&quot;n_accordion_animation_duration&quot;:{&quot;unit&quot;:&quot;ms&quot;,&quot;size&quot;:400,&quot;sizes&quot;:[]}}\" data-widget_type=\"nested-accordion.default\">\n\t\t\t\t<div class=\"elementor-widget-container\">\n\t\t\t\t\t\t\t<div class=\"e-n-accordion\" aria-label=\"Accordion. Open links with Enter or Space, close with Escape, and navigate with Arrow Keys\">\n\t\t\t\t\t\t<details id=\"e-n-accordion-item-2830\" class=\"e-n-accordion-item\" open>\n\t\t\t\t<summary class=\"e-n-accordion-item-title\" data-accordion-index=\"1\" tabindex=\"0\" aria-expanded=\"true\" aria-controls=\"e-n-accordion-item-2830\" >\n\t\t\t\t\t<span class='e-n-accordion-item-title-header'><div class=\"e-n-accordion-item-title-text\"> Jak du\u017ca jest grupa kursowa? <\/div><\/span>\n\t\t\t\t\t\t\t<span class='e-n-accordion-item-title-icon'>\n\t\t\t<span class='e-opened' ><i aria-hidden=\"true\" class=\"fas fa-minus\"><\/i><\/span>\n\t\t\t<span class='e-closed'><i aria-hidden=\"true\" class=\"fas fa-plus\"><\/i><\/span>\n\t\t<\/span>\n\n\t\t\t\t\t\t<\/summary>\n\t\t\t\t<div role=\"region\" aria-labelledby=\"e-n-accordion-item-2830\" class=\"elementor-element elementor-element-1f19931 e-con-full e-flex e-con e-child\" data-id=\"1f19931\" data-element_type=\"container\" data-e-type=\"container\">\n\t\t\t\t<div class=\"elementor-element elementor-element-4bfe769 elementor-widget elementor-widget-text-editor\" data-id=\"4bfe769\" data-element_type=\"widget\" data-e-type=\"widget\" data-widget_type=\"text-editor.default\">\n\t\t\t\t<div class=\"elementor-widget-container\">\n\t\t\t\t\t\t\t\t\tMaksymalnie 8 os\u00f3b.\t\t\t\t\t\t\t\t<\/div>\n\t\t\t\t<\/div>\n\t\t\t\t<\/div>\n\t\t\t\t\t<\/details>\n\t\t\t\t\t\t<details id=\"e-n-accordion-item-2831\" class=\"e-n-accordion-item\" >\n\t\t\t\t<summary class=\"e-n-accordion-item-title\" data-accordion-index=\"2\" tabindex=\"-1\" aria-expanded=\"false\" aria-controls=\"e-n-accordion-item-2831\" >\n\t\t\t\t\t<span class='e-n-accordion-item-title-header'><div class=\"e-n-accordion-item-title-text\"> Czy s\u0105 jakie\u015b szczeg\u00f3lne wymagania lub warunki, aby wzi\u0105\u0107 udzia\u0142 w kursie? <\/div><\/span>\n\t\t\t\t\t\t\t<span class='e-n-accordion-item-title-icon'>\n\t\t\t<span class='e-opened' ><i aria-hidden=\"true\" class=\"fas fa-minus\"><\/i><\/span>\n\t\t\t<span class='e-closed'><i aria-hidden=\"true\" class=\"fas fa-plus\"><\/i><\/span>\n\t\t<\/span>\n\n\t\t\t\t\t\t<\/summary>\n\t\t\t\t<div role=\"region\" aria-labelledby=\"e-n-accordion-item-2831\" class=\"elementor-element elementor-element-bacd4bd e-con-full e-flex e-con e-child\" data-id=\"bacd4bd\" data-element_type=\"container\" data-e-type=\"container\">\n\t\t\t\t<div class=\"elementor-element elementor-element-3dad239 elementor-widget elementor-widget-text-editor\" data-id=\"3dad239\" data-element_type=\"widget\" data-e-type=\"widget\" data-widget_type=\"text-editor.default\">\n\t\t\t\t<div class=\"elementor-widget-container\">\n\t\t\t\t\t\t\t\t\t<p>Nie.<\/p>\t\t\t\t\t\t\t\t<\/div>\n\t\t\t\t<\/div>\n\t\t\t\t<\/div>\n\t\t\t\t\t<\/details>\n\t\t\t\t\t\t<details id=\"e-n-accordion-item-2832\" class=\"e-n-accordion-item\" >\n\t\t\t\t<summary class=\"e-n-accordion-item-title\" data-accordion-index=\"3\" tabindex=\"-1\" aria-expanded=\"false\" aria-controls=\"e-n-accordion-item-2832\" >\n\t\t\t\t\t<span class='e-n-accordion-item-title-header'><div class=\"e-n-accordion-item-title-text\"> Jakie metody p\u0142atno\u015bci s\u0105 dost\u0119pne? <\/div><\/span>\n\t\t\t\t\t\t\t<span class='e-n-accordion-item-title-icon'>\n\t\t\t<span class='e-opened' ><i aria-hidden=\"true\" class=\"fas fa-minus\"><\/i><\/span>\n\t\t\t<span class='e-closed'><i aria-hidden=\"true\" class=\"fas fa-plus\"><\/i><\/span>\n\t\t<\/span>\n\n\t\t\t\t\t\t<\/summary>\n\t\t\t\t<div role=\"region\" aria-labelledby=\"e-n-accordion-item-2832\" class=\"elementor-element elementor-element-2ff4535 e-con-full e-flex e-con e-child\" data-id=\"2ff4535\" data-element_type=\"container\" data-e-type=\"container\">\n\t\t\t\t<div class=\"elementor-element elementor-element-5910969 elementor-widget elementor-widget-text-editor\" data-id=\"5910969\" data-element_type=\"widget\" data-e-type=\"widget\" data-widget_type=\"text-editor.default\">\n\t\t\t\t<div class=\"elementor-widget-container\">\n\t\t\t\t\t\t\t\t\t<p>P\u0142atno\u015b\u0107 mo\u017cliwa przelewem, kart\u0105 kredytow\u0105 lub przez PayPal.<\/p>\t\t\t\t\t\t\t\t<\/div>\n\t\t\t\t<\/div>\n\t\t\t\t<\/div>\n\t\t\t\t\t<\/details>\n\t\t\t\t\t\t<details id=\"e-n-accordion-item-2833\" class=\"e-n-accordion-item\" >\n\t\t\t\t<summary class=\"e-n-accordion-item-title\" data-accordion-index=\"4\" tabindex=\"-1\" aria-expanded=\"false\" aria-controls=\"e-n-accordion-item-2833\" >\n\t\t\t\t\t<span class='e-n-accordion-item-title-header'><div class=\"e-n-accordion-item-title-text\"> Czy istnieje mo\u017cliwo\u015b\u0107 otrzymania zwrotu lub zmiany rezerwacji, je\u015bli nie mog\u0119 uko\u0144czy\u0107 kursu? <\/div><\/span>\n\t\t\t\t\t\t\t<span class='e-n-accordion-item-title-icon'>\n\t\t\t<span class='e-opened' ><i aria-hidden=\"true\" class=\"fas fa-minus\"><\/i><\/span>\n\t\t\t<span class='e-closed'><i aria-hidden=\"true\" class=\"fas fa-plus\"><\/i><\/span>\n\t\t<\/span>\n\n\t\t\t\t\t\t<\/summary>\n\t\t\t\t<div role=\"region\" aria-labelledby=\"e-n-accordion-item-2833\" class=\"elementor-element elementor-element-610c4fa e-con-full e-flex e-con e-child\" data-id=\"610c4fa\" data-element_type=\"container\" data-e-type=\"container\">\n\t\t\t\t<div class=\"elementor-element elementor-element-3ae527c elementor-widget elementor-widget-text-editor\" data-id=\"3ae527c\" data-element_type=\"widget\" data-e-type=\"widget\" data-widget_type=\"text-editor.default\">\n\t\t\t\t<div class=\"elementor-widget-container\">\n\t\t\t\t\t\t\t\t\t<p>Tak. Mo\u017cna otrzyma\u0107 bon na inny kurs w naszej szkole. <\/p>\t\t\t\t\t\t\t\t<\/div>\n\t\t\t\t<\/div>\n\t\t\t\t<\/div>\n\t\t\t\t\t<\/details>\n\t\t\t\t\t<\/div>\n\t\t\t\t\t\t<\/div>\n\t\t\t\t<\/div>\n\t\t\t\t<\/div>\n\t\t<div class=\"elementor-element elementor-element-11bc8d2 e-con-full e-flex e-con e-child\" data-id=\"11bc8d2\" data-element_type=\"container\" data-e-type=\"container\">\n\t\t\t\t<div class=\"elementor-element elementor-element-4296a44 elementor-widget elementor-widget-n-accordion\" data-id=\"4296a44\" data-element_type=\"widget\" data-e-type=\"widget\" data-settings=\"{&quot;default_state&quot;:&quot;all_collapsed&quot;,&quot;max_items_expended&quot;:&quot;one&quot;,&quot;n_accordion_animation_duration&quot;:{&quot;unit&quot;:&quot;ms&quot;,&quot;size&quot;:400,&quot;sizes&quot;:[]}}\" data-widget_type=\"nested-accordion.default\">\n\t\t\t\t<div class=\"elementor-widget-container\">\n\t\t\t\t\t\t\t<div class=\"e-n-accordion\" aria-label=\"Accordion. Open links with Enter or Space, close with Escape, and navigate with Arrow Keys\">\n\t\t\t\t\t\t<details id=\"e-n-accordion-item-6980\" class=\"e-n-accordion-item\" >\n\t\t\t\t<summary class=\"e-n-accordion-item-title\" data-accordion-index=\"1\" tabindex=\"0\" aria-expanded=\"false\" aria-controls=\"e-n-accordion-item-6980\" >\n\t\t\t\t\t<span class='e-n-accordion-item-title-header'><div class=\"e-n-accordion-item-title-text\"> Czy s\u0105 jakie\u015b szczeg\u00f3lne wymagania lub warunki, aby wzi\u0105\u0107 udzia\u0142 w kursie? <\/div><\/span>\n\t\t\t\t\t\t\t<span class='e-n-accordion-item-title-icon'>\n\t\t\t<span class='e-opened' ><i aria-hidden=\"true\" class=\"fas fa-minus\"><\/i><\/span>\n\t\t\t<span class='e-closed'><i aria-hidden=\"true\" class=\"fas fa-plus\"><\/i><\/span>\n\t\t<\/span>\n\n\t\t\t\t\t\t<\/summary>\n\t\t\t\t<div role=\"region\" aria-labelledby=\"e-n-accordion-item-6980\" class=\"elementor-element elementor-element-26a33e3 e-con-full e-flex e-con e-child\" data-id=\"26a33e3\" data-element_type=\"container\" data-e-type=\"container\">\n\t\t\t\t<div class=\"elementor-element elementor-element-c20427e elementor-widget elementor-widget-text-editor\" data-id=\"c20427e\" data-element_type=\"widget\" data-e-type=\"widget\" data-widget_type=\"text-editor.default\">\n\t\t\t\t<div class=\"elementor-widget-container\">\n\t\t\t\t\t\t\t\t\t<p>Tak. Quizlet \u2014 s\u0142ownik do nauki s\u0142\u00f3wek z ka\u017cdej lekcji, e-maile z podsumowaniami oraz linki do film\u00f3w z ka\u017cdej godziny, a tak\u017ce pliki audio. <\/p>\t\t\t\t\t\t\t\t<\/div>\n\t\t\t\t<\/div>\n\t\t\t\t<\/div>\n\t\t\t\t\t<\/details>\n\t\t\t\t\t\t<details id=\"e-n-accordion-item-6981\" class=\"e-n-accordion-item\" >\n\t\t\t\t<summary class=\"e-n-accordion-item-title\" data-accordion-index=\"2\" tabindex=\"-1\" aria-expanded=\"false\" aria-controls=\"e-n-accordion-item-6981\" >\n\t\t\t\t\t<span class='e-n-accordion-item-title-header'><div class=\"e-n-accordion-item-title-text\"> Jak mog\u0119 \u0107wiczy\u0107 m\u00f3wienie? <\/div><\/span>\n\t\t\t\t\t\t\t<span class='e-n-accordion-item-title-icon'>\n\t\t\t<span class='e-opened' ><i aria-hidden=\"true\" class=\"fas fa-minus\"><\/i><\/span>\n\t\t\t<span class='e-closed'><i aria-hidden=\"true\" class=\"fas fa-plus\"><\/i><\/span>\n\t\t<\/span>\n\n\t\t\t\t\t\t<\/summary>\n\t\t\t\t<div role=\"region\" aria-labelledby=\"e-n-accordion-item-6981\" class=\"elementor-element elementor-element-fc9c546 e-con-full e-flex e-con e-child\" data-id=\"fc9c546\" data-element_type=\"container\" data-e-type=\"container\">\n\t\t\t\t<div class=\"elementor-element elementor-element-247176a elementor-widget elementor-widget-text-editor\" data-id=\"247176a\" data-element_type=\"widget\" data-e-type=\"widget\" data-widget_type=\"text-editor.default\">\n\t\t\t\t<div class=\"elementor-widget-container\">\n\t\t\t\t\t\t\t\t\t<p>W tym celu regularnie organizujemy spotkania tandemowe \u2014 nieformalne, bezp\u0142atne spotkania pomi\u0119dzy Polkami i Polakami ucz\u0105cymi si\u0119 niemieckiego oraz Niemcami ucz\u0105cymi si\u0119 polskiego.<br>Podczas tych spotka\u0144 uczestnicy maj\u0105 mo\u017cliwo\u015b\u0107 \u0107wiczenia obu j\u0119zyk\u00f3w w dwuosobowych grupach.<\/p><p>Spotkania s\u0105 odpowiednie dla wszystkich poziom\u00f3w j\u0119zykowych \u2014 zar\u00f3wno dla pocz\u0105tkuj\u0105cych, jak i zaawansowanych. Nauczyciele prowadz\u0105 spotkania (w razie potrzeby), dbaj\u0105 o sprawny przebieg i oferuj\u0105 pomocn\u0105 support.<\/p>\t\t\t\t\t\t\t\t<\/div>\n\t\t\t\t<\/div>\n\t\t\t\t<\/div>\n\t\t\t\t\t<\/details>\n\t\t\t\t\t\t<details id=\"e-n-accordion-item-6982\" class=\"e-n-accordion-item\" >\n\t\t\t\t<summary class=\"e-n-accordion-item-title\" data-accordion-index=\"3\" tabindex=\"-1\" aria-expanded=\"false\" aria-controls=\"e-n-accordion-item-6982\" >\n\t\t\t\t\t<span class='e-n-accordion-item-title-header'><div class=\"e-n-accordion-item-title-text\"> Jak mog\u0119 zapisa\u0107 si\u0119 na kurs? <\/div><\/span>\n\t\t\t\t\t\t\t<span class='e-n-accordion-item-title-icon'>\n\t\t\t<span class='e-opened' ><i aria-hidden=\"true\" class=\"fas fa-minus\"><\/i><\/span>\n\t\t\t<span class='e-closed'><i aria-hidden=\"true\" class=\"fas fa-plus\"><\/i><\/span>\n\t\t<\/span>\n\n\t\t\t\t\t\t<\/summary>\n\t\t\t\t<div role=\"region\" aria-labelledby=\"e-n-accordion-item-6982\" class=\"elementor-element elementor-element-1e77eb8 e-con-full e-flex e-con e-child\" data-id=\"1e77eb8\" data-element_type=\"container\" data-e-type=\"container\">\n\t\t\t\t<div class=\"elementor-element elementor-element-17e3785 elementor-widget elementor-widget-text-editor\" data-id=\"17e3785\" data-element_type=\"widget\" data-e-type=\"widget\" data-widget_type=\"text-editor.default\">\n\t\t\t\t<div class=\"elementor-widget-container\">\n\t\t\t\t\t\t\t\t\t<p>Poprzez op\u0142at\u0119 za kurs.<\/p>\t\t\t\t\t\t\t\t<\/div>\n\t\t\t\t<\/div>\n\t\t\t\t<\/div>\n\t\t\t\t\t<\/details>\n\t\t\t\t\t\t<details id=\"e-n-accordion-item-6983\" class=\"e-n-accordion-item\" >\n\t\t\t\t<summary class=\"e-n-accordion-item-title\" data-accordion-index=\"4\" tabindex=\"-1\" aria-expanded=\"false\" aria-controls=\"e-n-accordion-item-6983\" >\n\t\t\t\t\t<span class='e-n-accordion-item-title-header'><div class=\"e-n-accordion-item-title-text\"> Co si\u0119 stanie, je\u015bli nie b\u0119d\u0119 m\u00f3g\u0142 przyj\u015b\u0107 na zaj\u0119cia grupowe? <\/div><\/span>\n\t\t\t\t\t\t\t<span class='e-n-accordion-item-title-icon'>\n\t\t\t<span class='e-opened' ><i aria-hidden=\"true\" class=\"fas fa-minus\"><\/i><\/span>\n\t\t\t<span class='e-closed'><i aria-hidden=\"true\" class=\"fas fa-plus\"><\/i><\/span>\n\t\t<\/span>\n\n\t\t\t\t\t\t<\/summary>\n\t\t\t\t<div role=\"region\" aria-labelledby=\"e-n-accordion-item-6983\" class=\"elementor-element elementor-element-d585aef e-con-full e-flex e-con e-child\" data-id=\"d585aef\" data-element_type=\"container\" data-e-type=\"container\">\n\t\t\t\t<div class=\"elementor-element elementor-element-74db310 elementor-widget elementor-widget-text-editor\" data-id=\"74db310\" data-element_type=\"widget\" data-e-type=\"widget\" data-widget_type=\"text-editor.default\">\n\t\t\t\t<div class=\"elementor-widget-container\">\n\t\t\t\t\t\t\t\t\t<p>Po ka\u017cdej lekcji otrzymasz od nas e-mail z podsumowaniem tego, co by\u0142o omawiane \u2014 w tym <strong>wyja\u015bnienia gramatyczne<\/strong>,<strong> listy s\u0142\u00f3wek<\/strong> oraz <strong>dodatkowe linki<\/strong>. Dzi\u0119ki temu mo\u017cesz \u0142atwo nadrobi\u0107 materia\u0142 w domu.<\/p><p>Dzi\u0119ki platformie <strong><a href=\"http:\/\/www.e-polish.eu\/\" target=\"_blank\" rel=\"noopener\">e-polish.eu<\/a><\/strong> masz r\u00f3wnie\u017c mo\u017cliwo\u015b\u0107 <strong>interaktywnego \u0107wiczenia, odtwarzania dialog\u00f3w i s\u0142uchania nagra\u0144<\/strong>, a wszystko to w po\u0142\u0105czeniu z ksi\u0105\u017ck\u0105, do kt\u00f3rej jeste\u015b przyzwyczajony.<\/p>\t\t\t\t\t\t\t\t<\/div>\n\t\t\t\t<\/div>\n\t\t\t\t<\/div>\n\t\t\t\t\t<\/details>\n\t\t\t\t\t<\/div>\n\t\t\t\t\t\t<\/div>\n\t\t\t\t<\/div>\n\t\t\t\t<\/div>\n\t\t\t\t\t<\/div>\n\t\t\t\t<\/div>\n\t\t\t\t<\/div>\n\t\t\n","protected":false},"excerpt":{"rendered":"<p style=\"font-weight: 400;\">Kurs oparty jest na lekcjach <strong>5, 6, 7, 8 i 9<\/strong> z ksi\u0105\u017cki <em>Krok po kroku 2<\/em>. Uczestnicy powinni posiada\u0107 solidne zrozumienie gramatyki, potrafi\u0107 opanowa\u0107 podstawowe sytuacje codzienne i prowadzi\u0107 proste rozmowy. <\/p>\n<p style=\"font-weight: 400;\">Kurs pog\u0142\u0119bia dotychczasow\u0105 wiedz\u0119 i przygotowuje do bardziej z\u0142o\u017conych struktur j\u0119zykowych.<\/p>\n","protected":false},"featured_media":8003,"template":"","meta":[],"product_brand":[],"product_cat":[125,127],"product_tag":[],"class_list":{"0":"post-1698","1":"product","2":"type-product","3":"status-publish","4":"has-post-thumbnail","6":"product_cat-kursy-polskiego","7":"product_cat-kursy-online","8":"pa_color-white","10":"first","11":"instock","12":"virtual","13":"purchasable","14":"product-type-simple"},"_links":{"self":[{"href":"https:\/\/po-polsku.eu\/pl\/wp-json\/wp\/v2\/product\/1698","targetHints":{"allow":["GET"]}}],"collection":[{"href":"https:\/\/po-polsku.eu\/pl\/wp-json\/wp\/v2\/product"}],"about":[{"href":"https:\/\/po-polsku.eu\/pl\/wp-json\/wp\/v2\/types\/product"}],"wp:featuredmedia":[{"embeddable":true,"href":"https:\/\/po-polsku.eu\/pl\/wp-json\/wp\/v2\/media\/8003"}],"wp:attachment":[{"href":"https:\/\/po-polsku.eu\/pl\/wp-json\/wp\/v2\/media?parent=1698"}],"wp:term":[{"taxonomy":"product_brand","embeddable":true,"href":"https:\/\/po-polsku.eu\/pl\/wp-json\/wp\/v2\/product_brand?post=1698"},{"taxonomy":"product_cat","embeddable":true,"href":"https:\/\/po-polsku.eu\/pl\/wp-json\/wp\/v2\/product_cat?post=1698"},{"taxonomy":"product_tag","embeddable":true,"href":"https:\/\/po-polsku.eu\/pl\/wp-json\/wp\/v2\/product_tag?post=1698"}],"curies":[{"name":"wp","href":"https:\/\/api.w.org\/{rel}","templated":true}]}}