{"id":1610,"date":"2024-11-05T15:39:41","date_gmt":"2024-11-05T14:39:41","guid":{"rendered":"https:\/\/polsku.falcondev.de\/angebot\/polski-na-lato-e-book\/"},"modified":"2025-11-10T15:03:27","modified_gmt":"2025-11-10T14:03:27","slug":"polski-na-lato-e-book","status":"publish","type":"product","link":"https:\/\/po-polsku.eu\/pl\/angebot\/polski-na-lato-e-book\/","title":{"rendered":"E-book &#8222;Polski na wakacje&#8221;"},"content":{"rendered":"<ul>\n<li data-start=\"597\" data-end=\"1039\">\ud83c\udfa7 Dzi\u0119ki ponad godzinie praktycznych nagra\u0144 audio do s\u0142uchania w podr\u00f3\u017cy, <strong data-start=\"622\" data-end=\"652\">wszystkie dialogi s\u0105 dost\u0119pne jako pliki audio <\/strong>(kod QR na ka\u017cdej stronie).<\/li>\n<li data-start=\"597\" data-end=\"1039\">\ud83d\udcc4 86 kolorowych stron<\/li>\n<li data-start=\"597\" data-end=\"1039\">\ud83d\udcac <strong data-start=\"765\" data-end=\"789\">Autentyczny j\u0119zyk<\/strong>, mo\u017cliwy do natychmiastowego zastosowania<\/li>\n<li data-start=\"597\" data-end=\"1039\">\ud83d\udde3\ufe0f Z wieloma <strong data-start=\"825\" data-end=\"853\">przydatnymi zwrotami, \u0107wiczeniami z rozwi\u0105zaniami<\/strong><\/li>\n<li data-start=\"597\" data-end=\"1039\">\ud83c\udf0d<strong data-start=\"885\" data-end=\"893\"> Do tego<\/strong>: ciekawe informacje <strong data-start=\"916\" data-end=\"972\">o polskiej kulturze, codziennych zwyczajach i wskaz\u00f3wki dotycz\u0105ce podr\u00f3\u017cy <\/strong>\u2013 tak, aby\u015b dotar\u0142 nie tylko j\u0119zykowo, ale tak\u017ce osobi\u015bcie.<\/li>\n<\/ul>\n<p data-start=\"1041\" data-end=\"1212\"><strong data-start=\"1044\" data-end=\"1082\">E-book jest dost\u0119pny do pobrania w formacie PDF <\/strong>\u2013 mo\u017cna go pobra\u0107 i wydrukowa\u0107 od razu po zakupie lub wykorzysta\u0107 cyfrowo: na komputerze, tablecie lub telefonie kom\u00f3rkowym.<\/p>\n","protected":false},"excerpt":{"rendered":"<h3 data-start=\"115\" data-end=\"176\"><strong data-start=\"122\" data-end=\"176\">\ud83d\udcd8 Dania kuchni polskiej na wynos<\/strong><\/h3>\n<p style=\"font-weight: 400;\">Czy jeste\u015b gotowy, aby jeszcze bardziej cieszy\u0107 si\u0119 swoimi nast\u0119pnymi wakacjami w Polsce? Nie martw si\u0119, je\u015bli do tej pory znasz tylko pierogi i \u201edzi\u0119kuj\u0119\u201d \u2013 mamy dla Ciebie rozwi\u0105zanie! <\/p>\n<p data-start=\"349\" data-end=\"595\"><strong data-start=\"349\" data-end=\"378\">\u201ePolski na wakacje\u201d <\/strong>pokazuje rozwi\u0105zania j\u0119zykowe, kt\u00f3re naprawd\u0119 dzia\u0142aj\u0105 \u2013 tak jak Polacy m\u00f3wi\u0105 w codziennym \u017cyciu. \u017badnej teorii, ale <strong data-start=\"501\" data-end=\"538\">jasne sentencje na prawdziwe sytuacje: w sklepie, w hotelu, w aptece czy na dworcu kolejowym.<\/strong> <\/p>\n","protected":false},"featured_media":3446,"template":"","meta":[],"product_brand":[],"product_cat":[119],"product_tag":[],"class_list":{"0":"post-1610","1":"product","2":"type-product","3":"status-publish","4":"has-post-thumbnail","6":"product_cat-e-booki","8":"first","9":"instock","10":"downloadable","11":"virtual","12":"taxable","13":"purchasable","14":"product-type-simple"},"_links":{"self":[{"href":"https:\/\/po-polsku.eu\/pl\/wp-json\/wp\/v2\/product\/1610","targetHints":{"allow":["GET"]}}],"collection":[{"href":"https:\/\/po-polsku.eu\/pl\/wp-json\/wp\/v2\/product"}],"about":[{"href":"https:\/\/po-polsku.eu\/pl\/wp-json\/wp\/v2\/types\/product"}],"wp:featuredmedia":[{"embeddable":true,"href":"https:\/\/po-polsku.eu\/pl\/wp-json\/wp\/v2\/media\/3446"}],"wp:attachment":[{"href":"https:\/\/po-polsku.eu\/pl\/wp-json\/wp\/v2\/media?parent=1610"}],"wp:term":[{"taxonomy":"product_brand","embeddable":true,"href":"https:\/\/po-polsku.eu\/pl\/wp-json\/wp\/v2\/product_brand?post=1610"},{"taxonomy":"product_cat","embeddable":true,"href":"https:\/\/po-polsku.eu\/pl\/wp-json\/wp\/v2\/product_cat?post=1610"},{"taxonomy":"product_tag","embeddable":true,"href":"https:\/\/po-polsku.eu\/pl\/wp-json\/wp\/v2\/product_tag?post=1610"}],"curies":[{"name":"wp","href":"https:\/\/api.w.org\/{rel}","templated":true}]}}