{"id":5362,"date":"2025-11-02T11:59:56","date_gmt":"2025-11-02T10:59:56","guid":{"rendered":"https:\/\/po-polsku.eu\/nota-prawna\/"},"modified":"2025-11-10T14:55:38","modified_gmt":"2025-11-10T13:55:38","slug":"nota-prawna","status":"publish","type":"page","link":"https:\/\/po-polsku.eu\/pl\/nota-prawna\/","title":{"rendered":"Nota prawna"},"content":{"rendered":"\t\t<div data-elementor-type=\"wp-page\" data-elementor-id=\"5362\" class=\"elementor elementor-5362 elementor-5356\" data-elementor-post-type=\"page\">\n\t\t\t\t<div class=\"elementor-element elementor-element-ad90272 e-flex e-con-boxed e-con e-parent\" data-id=\"ad90272\" data-element_type=\"container\" data-e-type=\"container\">\n\t\t\t\t\t<div class=\"e-con-inner\">\n\t\t\t\t<div class=\"elementor-element elementor-element-0037729 elementor-widget elementor-widget-heading\" data-id=\"0037729\" data-element_type=\"widget\" data-e-type=\"widget\" data-widget_type=\"heading.default\">\n\t\t\t\t<div class=\"elementor-widget-container\">\n\t\t\t\t\t<h2 class=\"elementor-heading-title elementor-size-default\">Nota prawna<\/h2>\t\t\t\t<\/div>\n\t\t\t\t<\/div>\n\t\t\t\t<div class=\"elementor-element elementor-element-31f0e9a elementor-widget elementor-widget-heading\" data-id=\"31f0e9a\" data-element_type=\"widget\" data-e-type=\"widget\" data-widget_type=\"heading.default\">\n\t\t\t\t<div class=\"elementor-widget-container\">\n\t\t\t\t\t<h4 class=\"elementor-heading-title elementor-size-default\">Dane zgodnie z \u00a7 5 TMG<\/h4>\t\t\t\t<\/div>\n\t\t\t\t<\/div>\n\t\t\t\t<div class=\"elementor-element elementor-element-be7b66f elementor-widget elementor-widget-text-editor\" data-id=\"be7b66f\" data-element_type=\"widget\" data-e-type=\"widget\" data-widget_type=\"text-editor.default\">\n\t\t\t\t<div class=\"elementor-widget-container\">\n\t\t\t\t\t\t\t\t\t<p>Magdalena Kurpiewska <br>Po Polsku.\nSprachtreffen Polnisch. Sprachtreffen Polnisch. <br>Bautznerstr. 6<br>01099 Drezno<br>Niemcy<br>Tel.: 0176 696 811 06<br>E-mail: <a href=\"mailto:kontakt@po-polsku.eu\">kontakt@po-polsku.eu<\/a> <\/p><p><strong>Osoba odpowiedzialna zgodnie z \u00a7 18 ust. 2 MStV: <\/strong> Magdalena Kurpiewska <br><strong>Odpowiedzialno\u015b\u0107 redakcyjna: <\/strong>Magdalena Kurpiewska<\/p><p>Zgodnie z \u00a7 36 VSBG (Ustawa o pozas\u0105dowym rozwi\u0105zywaniu spor\u00f3w konsumenckich) operator tej strony o\u015bwiadcza:<\/p><p>Nie jeste\u015bmy zobowi\u0105zani ani nie deklarujemy gotowo\u015bci do uczestnictwa w post\u0119powaniu mediacyjnym przed konsumenck\u0105 jednostk\u0105 arbitra\u017cow\u0105.<\/p><p>Zastrze\u017cenie \/ Odpowiedzialno\u015b\u0107 za linki zewn\u0119trzne<br>Nie ponosz\u0119 odpowiedzialno\u015bci za tre\u015bci zewn\u0119trznych stron internetowych, do kt\u00f3rych odsy\u0142am, mimo starannego sprawdzenia ich pod k\u0105tem bezprawnych tre\u015bci.<br>W przypadku odno\u015bnik\u00f3w do facebook.com nie u\u017cywam \u017cadnych wizerunk\u00f3w ani innych danych u\u017cytkownik\u00f3w \u2013 korzystam wy\u0142\u0105cznie z oficjalnego kodu przycisku Facebooka, bez jego modyfikacji w celu zapisywania danych.<br>Dok\u0142adam wszelkich stara\u0144, aby przestrzega\u0107 wszelkich praw i przepis\u00f3w. Je\u015bli mimo to zostan\u0105 wykryte b\u0142\u0119dy, prosz\u0119 o informacj\u0119 \u2014 zostan\u0105 one niezw\u0142ocznie usuni\u0119te. Nie ma potrzeby kierowania w tej sprawie p\u0142atnego wezwania prawniczego.     <\/p><p>Wersja: 04.04.2025<br>IT-Rechtskanzlei<\/p>\t\t\t\t\t\t\t\t<\/div>\n\t\t\t\t<\/div>\n\t\t\t\t\t<\/div>\n\t\t\t\t<\/div>\n\t\t\t\t<\/div>\n\t\t","protected":false},"excerpt":{"rendered":"<p>Nota prawna Dane zgodnie z \u00a7 5 TMG Magdalena Kurpiewska Po Polsku. Sprachtreffen Polnisch. Sprachtreffen Polnisch. Bautznerstr. 601099 DreznoNiemcyTel.: 0176 696 811 06E-mail: kontakt@po-polsku.eu Osoba odpowiedzialna zgodnie z \u00a7 18 ust. 2 MStV: Magdalena Kurpiewska Odpowiedzialno\u015b\u0107 redakcyjna: Magdalena Kurpiewska Zgodnie z \u00a7 36 VSBG (Ustawa o pozas\u0105dowym rozwi\u0105zywaniu spor\u00f3w konsumenckich) operator tej strony o\u015bwiadcza: Nie [&hellip;]<\/p>\n","protected":false},"author":7,"featured_media":0,"parent":0,"menu_order":0,"comment_status":"closed","ping_status":"closed","template":"","meta":{"footnotes":""},"class_list":["post-5362","page","type-page","status-publish","hentry"],"_links":{"self":[{"href":"https:\/\/po-polsku.eu\/pl\/wp-json\/wp\/v2\/pages\/5362","targetHints":{"allow":["GET"]}}],"collection":[{"href":"https:\/\/po-polsku.eu\/pl\/wp-json\/wp\/v2\/pages"}],"about":[{"href":"https:\/\/po-polsku.eu\/pl\/wp-json\/wp\/v2\/types\/page"}],"author":[{"embeddable":true,"href":"https:\/\/po-polsku.eu\/pl\/wp-json\/wp\/v2\/users\/7"}],"replies":[{"embeddable":true,"href":"https:\/\/po-polsku.eu\/pl\/wp-json\/wp\/v2\/comments?post=5362"}],"version-history":[{"count":0,"href":"https:\/\/po-polsku.eu\/pl\/wp-json\/wp\/v2\/pages\/5362\/revisions"}],"wp:attachment":[{"href":"https:\/\/po-polsku.eu\/pl\/wp-json\/wp\/v2\/media?parent=5362"}],"curies":[{"name":"wp","href":"https:\/\/api.w.org\/{rel}","templated":true}]}}