{"id":5335,"date":"2024-11-05T10:12:33","date_gmt":"2024-11-05T09:12:33","guid":{"rendered":"https:\/\/po-polsku.eu\/kontakt\/"},"modified":"2025-11-09T17:27:41","modified_gmt":"2025-11-09T16:27:41","slug":"kontakt","status":"publish","type":"page","link":"https:\/\/po-polsku.eu\/pl\/kontakt\/","title":{"rendered":"Kontakt"},"content":{"rendered":"\t\t<div data-elementor-type=\"wp-page\" data-elementor-id=\"5335\" class=\"elementor elementor-5335 elementor-397\" data-elementor-post-type=\"page\">\n\t\t\t\t<div class=\"elementor-element elementor-element-8fcd926 e-flex e-con-boxed e-con e-parent\" data-id=\"8fcd926\" data-element_type=\"container\" data-e-type=\"container\">\n\t\t\t\t\t<div class=\"e-con-inner\">\n\t\t<div class=\"elementor-element elementor-element-44190dc e-con-full e-flex e-con e-child\" data-id=\"44190dc\" data-element_type=\"container\" data-e-type=\"container\">\n\t\t\t\t<div class=\"elementor-element elementor-element-c021ea1 elementor-widget elementor-widget-heading\" data-id=\"c021ea1\" data-element_type=\"widget\" data-e-type=\"widget\" data-widget_type=\"heading.default\">\n\t\t\t\t<div class=\"elementor-widget-container\">\n\t\t\t\t\t<h1 class=\"elementor-heading-title elementor-size-default\">Spotkajmy si\u0119 w Dre\u017anie!\n<\/h1>\t\t\t\t<\/div>\n\t\t\t\t<\/div>\n\t\t\t\t<div class=\"elementor-element elementor-element-17fa7f2 elementor-widget elementor-widget-text-editor\" data-id=\"17fa7f2\" data-element_type=\"widget\" data-e-type=\"widget\" data-widget_type=\"text-editor.default\">\n\t\t\t\t<div class=\"elementor-widget-container\">\n\t\t\t\t\t\t\t\t\t<p class=\"p1\">Jeste\u015bmy w samym centrum miasta, w zacisznym podw\u00f3rzu odchodz\u0105cym od ulicy Bautznerstra\u00dfe, niedaleko Albertplatz oraz dworca Dresden-Neustadt.<\/p><p class=\"p1\">W naszym bezpo\u015brednim s\u0105siedztwie znajduje si\u0119 kawiarnia Urbean oraz restauracja makamaka.<\/p>\t\t\t\t\t\t\t\t<\/div>\n\t\t\t\t<\/div>\n\t\t\t\t<div class=\"elementor-element elementor-element-0cb78db elementor-widget elementor-widget-text-editor\" data-id=\"0cb78db\" data-element_type=\"widget\" data-e-type=\"widget\" data-widget_type=\"text-editor.default\">\n\t\t\t\t<div class=\"elementor-widget-container\">\n\t\t\t\t\t\t\t\t\t<a href=\"https:\/\/maps.app.goo.gl\/no6xsLmuCUvKzeit7\" target=\"_blank\" rel=\"noopener\">Bautzner Str. 6, 01099 Drezno, Niemcy \u2192<\/a>\t\t\t\t\t\t\t\t<\/div>\n\t\t\t\t<\/div>\n\t\t\t\t<\/div>\n\t\t<div class=\"elementor-element elementor-element-1527ea1 e-con-full e-flex e-con e-child\" data-id=\"1527ea1\" data-element_type=\"container\" data-e-type=\"container\">\n\t\t\t\t<div class=\"elementor-element elementor-element-c68329b elementor-widget elementor-widget-image\" data-id=\"c68329b\" data-element_type=\"widget\" data-e-type=\"widget\" data-widget_type=\"image.default\">\n\t\t\t\t<div class=\"elementor-widget-container\">\n\t\t\t\t\t\t\t\t\t\t\t\t\t\t\t<img fetchpriority=\"high\" decoding=\"async\" width=\"800\" height=\"450\" src=\"https:\/\/po-polsku.eu\/wp-content\/uploads\/2025\/08\/Po-polsku-Drezno-1024x576.png\" class=\"attachment-large size-large wp-image-3851\" alt=\"\" srcset=\"https:\/\/po-polsku.eu\/wp-content\/uploads\/2025\/08\/Po-polsku-Drezno-1024x576.png 1024w, https:\/\/po-polsku.eu\/wp-content\/uploads\/2025\/08\/Po-polsku-Drezno-300x169.png 300w, https:\/\/po-polsku.eu\/wp-content\/uploads\/2025\/08\/Po-polsku-Drezno-768x432.png 768w, https:\/\/po-polsku.eu\/wp-content\/uploads\/2025\/08\/Po-polsku-Drezno-600x338.png 600w, https:\/\/po-polsku.eu\/wp-content\/uploads\/2025\/08\/Po-polsku-Drezno.png 1128w\" sizes=\"(max-width: 800px) 100vw, 800px\" \/>\t\t\t\t\t\t\t\t\t\t\t\t\t\t\t<\/div>\n\t\t\t\t<\/div>\n\t\t\t\t<\/div>\n\t\t\t\t\t<\/div>\n\t\t\t\t<\/div>\n\t\t<div class=\"elementor-element elementor-element-f2a7c30 e-flex e-con-boxed e-con e-parent\" data-id=\"f2a7c30\" data-element_type=\"container\" data-e-type=\"container\" data-settings=\"{&quot;background_background&quot;:&quot;classic&quot;}\">\n\t\t\t\t\t<div class=\"e-con-inner\">\n\t\t<div class=\"elementor-element elementor-element-50f0542 e-con-full e-flex e-con e-child\" data-id=\"50f0542\" data-element_type=\"container\" data-e-type=\"container\">\n\t\t\t\t<div class=\"elementor-element elementor-element-423cefc elementor-widget elementor-widget-heading\" data-id=\"423cefc\" data-element_type=\"widget\" data-e-type=\"widget\" data-widget_type=\"heading.default\">\n\t\t\t\t<div class=\"elementor-widget-container\">\n\t\t\t\t\t<h1 class=\"elementor-heading-title elementor-size-default\">Zapraszamy do kontaktu!\n<\/h1>\t\t\t\t<\/div>\n\t\t\t\t<\/div>\n\t\t\t\t<div class=\"elementor-element elementor-element-59f39c9 elementor-widget elementor-widget-text-editor\" data-id=\"59f39c9\" data-element_type=\"widget\" data-e-type=\"widget\" data-widget_type=\"text-editor.default\">\n\t\t\t\t<div class=\"elementor-widget-container\">\n\t\t\t\t\t\t\t\t\t<p class=\"p1\">Je\u015bli jeste\u015b zainteresowany jednym z naszych kurs\u00f3w \u2013 \u015bmia\u0142o wy\u015blij mi wiadomo\u015b\u0107 za pomoc\u0105 formularza lub\u2028e-mail na adres: <strong><a href=\"mailto:kontakt@po-polsku.eu\">kontakt@po-polsku.eu<\/a><\/strong>.<\/p><p class=\"p1\">Czytam ka\u017cd\u0105 wiadomo\u015b\u0107 i staram si\u0119 odpowiedzie\u0107 w ci\u0105gu 48 godzin.<\/p><p class=\"p1\"><strong>B\u0105d\u017amy w kontakcie!<\/strong><\/p>\t\t\t\t\t\t\t\t<\/div>\n\t\t\t\t<\/div>\n\t\t\t\t<\/div>\n\t\t<div class=\"elementor-element elementor-element-875e233 e-con-full e-flex e-con e-child\" data-id=\"875e233\" data-element_type=\"container\" data-e-type=\"container\" id=\"kontaktformular\">\n\t\t\t\t<div class=\"elementor-element elementor-element-4089513 elementor-widget elementor-widget-html\" data-id=\"4089513\" data-element_type=\"widget\" data-e-type=\"widget\" data-widget_type=\"html.default\">\n\t\t\t\t<div class=\"elementor-widget-container\">\n\t\t\t\t\t<div class=\"forminator-ui forminator-custom-form forminator-custom-form-6067 forminator-design--flat forminator-enclosed forminator_ajax\" data-forminator-render=\"0\" data-form=\"forminator-module-6067\" data-uid=\"69e632c3a5777\"><br\/><\/div><form\n\t\t\t\tid=\"forminator-module-6067\"\n\t\t\t\tclass=\"forminator-ui forminator-custom-form forminator-custom-form-6067 forminator-design--flat forminator-enclosed forminator_ajax\"\n\t\t\t\tmethod=\"post\"\n\t\t\t\tdata-forminator-render=\"0\"\n\t\t\t\tdata-form-id=\"6067\"\n\t\t\t\t data-color-option=\"theme\" data-design=\"flat\" data-grid=\"enclosed\" style=\"display: none;\"\n\t\t\t\tdata-uid=\"69e632c3a5777\"\n\t\t\t><div role=\"alert\" aria-live=\"polite\" class=\"forminator-response-message forminator-error\" aria-hidden=\"true\"><\/div><div class=\"forminator-row\"><div id=\"name-1\" class=\"forminator-field-name forminator-col forminator-col-6 \"><div class=\"forminator-field\"><input type=\"text\" name=\"name-1\" value=\"\" placeholder=\"Vorname\" id=\"forminator-field-name-1_69e632c3a5777\" class=\"forminator-input forminator-name--field\" aria-required=\"true\" autocomplete=\"name\" \/><\/div><\/div><div id=\"name-2\" class=\"forminator-field-name forminator-col forminator-col-6 \"><div class=\"forminator-field\"><input type=\"text\" name=\"name-2\" value=\"\" placeholder=\"Nachname\" id=\"forminator-field-name-2_69e632c3a5777\" class=\"forminator-input forminator-name--field\" aria-required=\"true\" autocomplete=\"name\" \/><\/div><\/div><\/div><div class=\"forminator-row\"><div id=\"email-1\" class=\"forminator-field-email forminator-col forminator-col-12 \"><div class=\"forminator-field\"><input type=\"email\" name=\"email-1\" value=\"\" placeholder=\"E-Mail\" id=\"forminator-field-email-1_69e632c3a5777\" class=\"forminator-input forminator-email--field\" data-required=\"1\" aria-required=\"true\" autocomplete=\"email\" \/><\/div><\/div><\/div><div class=\"forminator-row\"><div id=\"textarea-1\" class=\"forminator-field-textarea forminator-col forminator-col-12 \"><div class=\"forminator-field\"><textarea name=\"textarea-1\" placeholder=\"Nachricht\" id=\"forminator-field-textarea-1_69e632c3a5777\" class=\"forminator-textarea\" rows=\"6\" style=\"min-height:140px;\" ><\/textarea><\/div><\/div><\/div><div class=\"forminator-row\"><div id=\"checkbox-1\" class=\"forminator-field-checkbox forminator-col forminator-col-12 \"><div role=\"group\" class=\"forminator-field required\" aria-labelledby=\"forminator-checkbox-group-forminator-field-checkbox-1-69e632c3a5777-label\"><label id=\"forminator-field-checkbox-1-1-69e632c3a5777-label\" for=\"forminator-field-checkbox-1-1-69e632c3a5777\" class=\"forminator-checkbox\" title=\"Gem\u00e4\u00df Art. 13 DSGVO informiere ich Sie dar\u00fcber, dass der Verantwortliche f\u00fcr die Verarbeitung der personenbezogenen Daten Po Polsku ist. Die personenbezogenen Kontaktdaten werden auf Grundlage Ihrer Einwilligung zum Zweck der Kontaktaufnahme verarbeitet. Detaillierte Informationen zur Verarbeitung personenbezogener Daten finden Sie in der &lt;a href=&quot;https:\/\/po-polsku.eu\/datenschutz\/&quot; target=&quot;_blank&quot; rel=&quot;noopener noreferrer&quot;&gt;     &lt;strong&gt;Datenschutzerkl\u00e4rung&lt;\/strong&gt; &lt;\/a&gt;.\"><input type=\"checkbox\" name=\"checkbox-1[]\" value=\"one\" id=\"forminator-field-checkbox-1-1-69e632c3a5777\" aria-labelledby=\"forminator-field-checkbox-1-1-69e632c3a5777-label\" data-calculation=\"0\"   data-hidden-behavior=\"zero\"\/><span class=\"forminator-checkbox-box\" aria-hidden=\"true\"><\/span><span class=\"forminator-checkbox-label\">Gem\u00e4\u00df Art. 13 DSGVO informiere ich Sie dar\u00fcber, dass der Verantwortliche f\u00fcr die Verarbeitung der personenbezogenen Daten Po Polsku ist. Die personenbezogenen Kontaktdaten werden auf Grundlage Ihrer Einwilligung zum Zweck der Kontaktaufnahme verarbeitet. Detaillierte Informationen zur Verarbeitung personenbezogener Daten finden Sie in der <a href=\"https:\/\/po-polsku.eu\/datenschutz\/\" target=\"_blank\" rel=\"noopener noreferrer\">     <strong>Datenschutzerkl\u00e4rung<\/strong> <\/a>.<\/span><\/label><\/div><\/div><\/div><input type=\"hidden\" name=\"referer_url\" value=\"\" \/><div class=\"forminator-row forminator-row-last\"><div class=\"forminator-col\"><div class=\"forminator-field\"><button class=\"forminator-button forminator-button-submit\">Ich sende<\/button><\/div><\/div><\/div><input type=\"hidden\" id=\"forminator_nonce\" name=\"forminator_nonce\" value=\"7cb8ae988f\" \/><input type=\"hidden\" name=\"_wp_http_referer\" value=\"\/pl\/wp-json\/wp\/v2\/pages\/5335\" \/><input type=\"hidden\" name=\"form_id\" value=\"6067\"><input type=\"hidden\" name=\"page_id\" value=\"5335\"><input type=\"hidden\" name=\"form_type\" value=\"default\"><input type=\"hidden\" name=\"current_url\" value=\"https:\/\/po-polsku.eu\/pl\/kontakt\/\"><input type=\"hidden\" name=\"render_id\" value=\"0\"><input type=\"hidden\" name=\"action\" value=\"forminator_submit_form_custom-forms\"><\/form>\t\t\t\t<\/div>\n\t\t\t\t<\/div>\n\t\t\t\t<\/div>\n\t\t\t\t\t<\/div>\n\t\t\t\t<\/div>\n\t\t\t\t<\/div>\n\t\t","protected":false},"excerpt":{"rendered":"<p>Spotkajmy si\u0119 w Dre\u017anie! Jeste\u015bmy w samym centrum miasta, w zacisznym podw\u00f3rzu odchodz\u0105cym od ulicy Bautznerstra\u00dfe, niedaleko Albertplatz oraz dworca Dresden-Neustadt. W naszym bezpo\u015brednim s\u0105siedztwie znajduje si\u0119 kawiarnia Urbean oraz restauracja makamaka. Bautzner Str. 6, 01099 Drezno, Niemcy \u2192 Zapraszamy do kontaktu! Je\u015bli jeste\u015b zainteresowany jednym z naszych kurs\u00f3w \u2013 \u015bmia\u0142o wy\u015blij mi wiadomo\u015b\u0107 za [&hellip;]<\/p>\n","protected":false},"author":2,"featured_media":0,"parent":0,"menu_order":0,"comment_status":"closed","ping_status":"closed","template":"","meta":{"footnotes":""},"class_list":["post-5335","page","type-page","status-publish","hentry"],"_links":{"self":[{"href":"https:\/\/po-polsku.eu\/pl\/wp-json\/wp\/v2\/pages\/5335","targetHints":{"allow":["GET"]}}],"collection":[{"href":"https:\/\/po-polsku.eu\/pl\/wp-json\/wp\/v2\/pages"}],"about":[{"href":"https:\/\/po-polsku.eu\/pl\/wp-json\/wp\/v2\/types\/page"}],"author":[{"embeddable":true,"href":"https:\/\/po-polsku.eu\/pl\/wp-json\/wp\/v2\/users\/2"}],"replies":[{"embeddable":true,"href":"https:\/\/po-polsku.eu\/pl\/wp-json\/wp\/v2\/comments?post=5335"}],"version-history":[{"count":0,"href":"https:\/\/po-polsku.eu\/pl\/wp-json\/wp\/v2\/pages\/5335\/revisions"}],"wp:attachment":[{"href":"https:\/\/po-polsku.eu\/pl\/wp-json\/wp\/v2\/media?parent=5335"}],"curies":[{"name":"wp","href":"https:\/\/api.w.org\/{rel}","templated":true}]}}