{"id":5320,"date":"2024-11-04T09:30:28","date_gmt":"2024-11-04T08:30:28","guid":{"rendered":"https:\/\/po-polsku.eu\/praca\/"},"modified":"2025-11-09T14:50:29","modified_gmt":"2025-11-09T13:50:29","slug":"praca","status":"publish","type":"page","link":"https:\/\/po-polsku.eu\/pl\/praca\/","title":{"rendered":"Praca"},"content":{"rendered":"\t\t<div data-elementor-type=\"wp-page\" data-elementor-id=\"5320\" class=\"elementor elementor-5320 elementor-359\" data-elementor-post-type=\"page\">\n\t\t\t\t<div class=\"elementor-element elementor-element-b4b9ffa e-flex e-con-boxed e-con e-parent\" data-id=\"b4b9ffa\" data-element_type=\"container\" data-e-type=\"container\">\n\t\t\t\t\t<div class=\"e-con-inner\">\n\t\t\t\t<div class=\"elementor-element elementor-element-3e6fa76 elementor-widget elementor-widget-heading\" data-id=\"3e6fa76\" data-element_type=\"widget\" data-e-type=\"widget\" data-widget_type=\"heading.default\">\n\t\t\t\t<div class=\"elementor-widget-container\">\n\t\t\t\t\t<h1 class=\"elementor-heading-title elementor-size-default\">Do\u0142\u0105cz do nas!<\/h1>\t\t\t\t<\/div>\n\t\t\t\t<\/div>\n\t\t<div class=\"elementor-element elementor-element-010bd51 e-con-full e-flex e-con e-child\" data-id=\"010bd51\" data-element_type=\"container\" data-e-type=\"container\">\n\t\t<div class=\"elementor-element elementor-element-d57ce5d e-con-full e-flex e-con e-child\" data-id=\"d57ce5d\" data-element_type=\"container\" data-e-type=\"container\" data-settings=\"{&quot;background_background&quot;:&quot;classic&quot;}\">\n\t\t\t\t<div class=\"elementor-element elementor-element-11f4358 elementor-widget elementor-widget-heading\" data-id=\"11f4358\" data-element_type=\"widget\" data-e-type=\"widget\" data-widget_type=\"heading.default\">\n\t\t\t\t<div class=\"elementor-widget-container\">\n\t\t\t\t\t<h2 class=\"elementor-heading-title elementor-size-default\">Oferta praktyk<\/h2>\t\t\t\t<\/div>\n\t\t\t\t<\/div>\n\t\t\t\t<div class=\"elementor-element elementor-element-dc34d43 elementor-widget elementor-widget-text-editor\" data-id=\"dc34d43\" data-element_type=\"widget\" data-e-type=\"widget\" data-widget_type=\"text-editor.default\">\n\t\t\t\t<div class=\"elementor-widget-container\">\n\t\t\t\t\t\t\t\t\t<p class=\"p1\">Szukamy zmotywowanych praktykant\u00f3w i praktykantek, kt\u00f3rzy chcieliby wspiera\u0107 nasz zesp\u00f3\u0142.<br>Do zada\u0144 nale\u017cy wsp\u00f3\u0142praca przy przygotowaniu i prowadzeniu kurs\u00f3w j\u0119zyka polskiego i\/lub niemieckiego. Ponadto oferujemy wgl\u0105d w dzia\u0142ania z zakresu PR, obs\u0142ugi klienta i administracji.<\/p><p><strong> <\/strong><\/p><p class=\"p1\"><strong>WYMAGANIA:<\/strong><\/p><ul><li class=\"p1\">Studia na kierunku filologia lub nauki humanistyczne<\/li><li class=\"p1\">Znajomo\u015b\u0107 j\u0119zyka polskiego<\/li><li class=\"p1\">Rzetelno\u015b\u0107 i dok\u0142adno\u015b\u0107 w pracy<\/li><\/ul><p> <\/p><p class=\"p1\"><strong>OFERUJEMY:<\/strong><\/p><ul><li class=\"p1\">Elastyczny czas trwania praktyk i godziny pracy<\/li><li class=\"p1\">Wynagrodzenie za praktyki<\/li><li class=\"p1\">Wgl\u0105d w dydaktyk\u0119 i metodyk\u0119 nauczania j\u0119zyk\u00f3w oraz w funkcjonowanie ma\u0142ego przedsi\u0119biorstwa<\/li><\/ul><p> <\/p><p>Bewerbungen an:<br><strong>Magdalena Kurpiewska \u2013 <strong><a href=\"mailto:kontakt@po-polsku.eu\">kontakt@po-polsku.eu<\/a><\/strong><\/strong><\/p>\t\t\t\t\t\t\t\t<\/div>\n\t\t\t\t<\/div>\n\t\t\t\t<\/div>\n\t\t<div class=\"elementor-element elementor-element-2a57cfc e-con-full e-flex e-con e-child\" data-id=\"2a57cfc\" data-element_type=\"container\" data-e-type=\"container\" data-settings=\"{&quot;background_background&quot;:&quot;classic&quot;}\">\n\t\t\t\t<div class=\"elementor-element elementor-element-806b46e elementor-widget elementor-widget-heading\" data-id=\"806b46e\" data-element_type=\"widget\" data-e-type=\"widget\" data-widget_type=\"heading.default\">\n\t\t\t\t<div class=\"elementor-widget-container\">\n\t\t\t\t\t<h3 class=\"elementor-heading-title elementor-size-default\">Oferta pracy<\/h3>\t\t\t\t<\/div>\n\t\t\t\t<\/div>\n\t\t\t\t<div class=\"elementor-element elementor-element-26a65d1 elementor-widget elementor-widget-heading\" data-id=\"26a65d1\" data-element_type=\"widget\" data-e-type=\"widget\" data-widget_type=\"heading.default\">\n\t\t\t\t<div class=\"elementor-widget-container\">\n\t\t\t\t\t<h2 class=\"elementor-heading-title elementor-size-default\">Nauczyciel(-ka) j\u0119zyka polskiego<\/h2>\t\t\t\t<\/div>\n\t\t\t\t<\/div>\n\t\t\t\t<div class=\"elementor-element elementor-element-e9d6829 elementor-widget elementor-widget-text-editor\" data-id=\"e9d6829\" data-element_type=\"widget\" data-e-type=\"widget\" data-widget_type=\"text-editor.default\">\n\t\t\t\t<div class=\"elementor-widget-container\">\n\t\t\t\t\t\t\t\t\t<p data-start=\"180\" data-end=\"273\"><strong>Szukamy zaanga\u017cowanej osoby do prowadzenia kurs\u00f3w j\u0119zyka polskiego jako obcego.<\/strong><\/p><p data-start=\"275\" data-end=\"428\">Do obowi\u0105zk\u00f3w nale\u017cy przygotowanie i prowadzenie zaj\u0119\u0107 grupowych oraz indywidualnych metod\u0105 komunikacyjn\u0105 na poziomach A1\u2013B2.<\/p><p><strong>WYMAGANIA:<\/strong><\/p><ul><li data-start=\"453\" data-end=\"601\">Uko\u0144czone studia licencjackie lub magisterskie z zakresu polonistyki, slawistyki lub pokrewne studia podyplomowe z zakresu nauczania j\u0119zyka polskiego jako obcego<\/li><li data-start=\"453\" data-end=\"601\">Znajomo\u015b\u0107 j\u0119zyka niemieckiego co najmniej na poziomie A2<\/li><li data-start=\"453\" data-end=\"601\">Kompetencje mi\u0119dzykulturowe i wra\u017cliwo\u015b\u0107 na r\u00f3\u017cnice kulturowe<\/li><li data-start=\"453\" data-end=\"601\">Samodzielno\u015b\u0107 i odpowiedzialno\u015b\u0107 w pracy<\/li><li data-start=\"453\" data-end=\"601\">Rzetelno\u015b\u0107, cierpliwo\u015b\u0107 i umiej\u0119tno\u015bci dydaktyczne<\/li><li data-start=\"453\" data-end=\"601\">Motywacja, kreatywno\u015b\u0107 i pasja do nauczania<\/li><\/ul><p> <\/p><p><strong>MILE WIDZIANE DODATKOWO:<\/strong><\/p><ul><li data-start=\"931\" data-end=\"993\">Specjalizacja z j\u0119zykoznawstwa, glottodydaktyki lub pedagogiki<\/li><li data-start=\"931\" data-end=\"993\">Do\u015bwiadczenie w nauczaniu j\u0119zyka polskiego jako obcego<\/li><li data-start=\"931\" data-end=\"993\">Znajomo\u015b\u0107 innych j\u0119zyk\u00f3w obcych<\/li><li data-start=\"931\" data-end=\"993\">Zainteresowanie kultur\u0105 polsk\u0105<\/li><\/ul><p> <\/p><p><strong>OFERUJEMY:<\/strong><\/p><ul><li data-start=\"1152\" data-end=\"1176\">Elastyczne godziny pracy<\/li><li data-start=\"1152\" data-end=\"1176\">Mo\u017cliwo\u015b\u0107 zdobycia cennego do\u015bwiadczenia w nauczaniu<\/li><li data-start=\"1152\" data-end=\"1176\">Wsparcie metodyczne i merytoryczne<\/li><li data-start=\"1152\" data-end=\"1176\">Mo\u017cliwo\u015bci rozwoju i d\u0142ugofalow\u0105 wsp\u00f3\u0142prac\u0119<\/li><\/ul><p> <\/p><p>Prosimy o przesy\u0142anie CV i listu motywacyjnego na adres:<br><strong>Magdalena Kurpiewska \u2013 <a href=\"mailto:kontakt@po-polsku.eu\">kontakt@po-polsku.eu<\/a><\/strong><\/p>\t\t\t\t\t\t\t\t<\/div>\n\t\t\t\t<\/div>\n\t\t\t\t<\/div>\n\t\t\t\t<\/div>\n\t\t\t\t\t<\/div>\n\t\t\t\t<\/div>\n\t\t\t\t<\/div>\n\t\t","protected":false},"excerpt":{"rendered":"<p>Do\u0142\u0105cz do nas! Oferta praktyk Szukamy zmotywowanych praktykant\u00f3w i praktykantek, kt\u00f3rzy chcieliby wspiera\u0107 nasz zesp\u00f3\u0142.Do zada\u0144 nale\u017cy wsp\u00f3\u0142praca przy przygotowaniu i prowadzeniu kurs\u00f3w j\u0119zyka polskiego i\/lub niemieckiego. Ponadto oferujemy wgl\u0105d w dzia\u0142ania z zakresu PR, obs\u0142ugi klienta i administracji. WYMAGANIA: Studia na kierunku filologia lub nauki humanistyczne Znajomo\u015b\u0107 j\u0119zyka polskiego Rzetelno\u015b\u0107 i dok\u0142adno\u015b\u0107 w pracy [&hellip;]<\/p>\n","protected":false},"author":2,"featured_media":0,"parent":0,"menu_order":0,"comment_status":"closed","ping_status":"closed","template":"","meta":{"footnotes":""},"class_list":["post-5320","page","type-page","status-publish","hentry"],"_links":{"self":[{"href":"https:\/\/po-polsku.eu\/pl\/wp-json\/wp\/v2\/pages\/5320","targetHints":{"allow":["GET"]}}],"collection":[{"href":"https:\/\/po-polsku.eu\/pl\/wp-json\/wp\/v2\/pages"}],"about":[{"href":"https:\/\/po-polsku.eu\/pl\/wp-json\/wp\/v2\/types\/page"}],"author":[{"embeddable":true,"href":"https:\/\/po-polsku.eu\/pl\/wp-json\/wp\/v2\/users\/2"}],"replies":[{"embeddable":true,"href":"https:\/\/po-polsku.eu\/pl\/wp-json\/wp\/v2\/comments?post=5320"}],"version-history":[{"count":0,"href":"https:\/\/po-polsku.eu\/pl\/wp-json\/wp\/v2\/pages\/5320\/revisions"}],"wp:attachment":[{"href":"https:\/\/po-polsku.eu\/pl\/wp-json\/wp\/v2\/media?parent=5320"}],"curies":[{"name":"wp","href":"https:\/\/api.w.org\/{rel}","templated":true}]}}